{"id":171,"date":"2012-06-22T15:21:36","date_gmt":"2012-06-22T15:21:36","guid":{"rendered":"http:\/\/localhost\/the_practice\/?page_id=171"},"modified":"2018-06-25T17:06:58","modified_gmt":"2018-06-25T17:06:58","slug":"services","status":"publish","type":"page","link":"https:\/\/www.ra-juliane-kessler.de\/?page_id=171","title":{"rendered":"Familienrecht"},"content":{"rendered":"<p>Nicht selten f\u00fchren bestimmte Situationen zu massiven Einschnitten in die gesamte Lebens- und Zukunftssituation einer Familie.<br \/>\nIndividuelle und nachhaltige L\u00f6sungen zur Zufriedenheit m\u00f6glichst aller Familienangeh\u00f6rigen zu bewirken, ist oberstes Ziel.<br \/>\nDaher arbeite ich stets darauf hin, einverst\u00e4ndliche au\u00dfergerichtliche Ergebnisse zu schaffen.<\/p>\n<p>Sie suchen professionelle Unterst\u00fctzung und Beratung oder eine qualifizierte anwaltliche Vertretung anl\u00e4sslich einer Trennung,<br \/>\nEhescheidung als auch in anderen familienrechtlichen Angelegenheiten?<\/p>\n<p>Gemeinsam gestalten wir bestm\u00f6gliche L\u00f6sungen f\u00fcr Ihr individuelles Anliegen.<\/p>\n<p>F\u00fcr den Fall, dass Sie eine zeitnahe anwaltliche Vertretung ben\u00f6tigen, oder sich einen umfassenden \u00dcberblick \u00fcber Ihre pers\u00f6nliche<br \/>\nund wirtschaftliche Position anl\u00e4sslich Trennung und Ehescheidung verschaffen wollen, stehe ich Ihnen mit Kompetenz und<br \/>\nEinf\u00fchlungsverm\u00f6gen zur Verf\u00fcgung.<\/p>\n","protected":false},"excerpt":{"rendered":"<p>Nicht selten f\u00fchren bestimmte Situationen zu massiven Einschnitten in die gesamte Lebens- und Zukunftssituation einer Familie. Individuelle und nachhaltige L\u00f6sungen zur Zufriedenheit m\u00f6glichst aller Familienangeh\u00f6rigen zu bewirken, ist oberstes Ziel. Daher arbeite ich stets darauf hin, einverst\u00e4ndliche au\u00dfergerichtliche Ergebnisse zu schaffen. Sie suchen professionelle Unterst\u00fctzung und Beratung oder eine qualifizierte anwaltliche Vertretung anl\u00e4sslich einer Trennung,.<\/p>\n","protected":false},"author":1,"featured_media":0,"parent":0,"menu_order":0,"comment_status":"open","ping_status":"closed","template":"","meta":[],"_links":{"self":[{"href":"https:\/\/www.ra-juliane-kessler.de\/index.php?rest_route=\/wp\/v2\/pages\/171"}],"collection":[{"href":"https:\/\/www.ra-juliane-kessler.de\/index.php?rest_route=\/wp\/v2\/pages"}],"about":[{"href":"https:\/\/www.ra-juliane-kessler.de\/index.php?rest_route=\/wp\/v2\/types\/page"}],"author":[{"embeddable":true,"href":"https:\/\/www.ra-juliane-kessler.de\/index.php?rest_route=\/wp\/v2\/users\/1"}],"replies":[{"embeddable":true,"href":"https:\/\/www.ra-juliane-kessler.de\/index.php?rest_route=%2Fwp%2Fv2%2Fcomments&post=171"}],"version-history":[{"count":11,"href":"https:\/\/www.ra-juliane-kessler.de\/index.php?rest_route=\/wp\/v2\/pages\/171\/revisions"}],"predecessor-version":[{"id":754,"href":"https:\/\/www.ra-juliane-kessler.de\/index.php?rest_route=\/wp\/v2\/pages\/171\/revisions\/754"}],"wp:attachment":[{"href":"https:\/\/www.ra-juliane-kessler.de\/index.php?rest_route=%2Fwp%2Fv2%2Fmedia&parent=171"}],"curies":[{"name":"wp","href":"https:\/\/api.w.org\/{rel}","templated":true}]}}