{"id":184,"date":"2012-06-22T16:05:51","date_gmt":"2012-06-22T16:05:51","guid":{"rendered":"http:\/\/localhost\/the_practice\/?page_id=184"},"modified":"2018-12-03T14:25:52","modified_gmt":"2018-12-03T14:25:52","slug":"homepage","status":"publish","type":"page","link":"https:\/\/www.ra-juliane-kessler.de\/","title":{"rendered":"Homepage"},"content":{"rendered":"<h3>Rechtsanw\u00e4ltin &#8211; Fachanw\u00e4ltin f\u00fcr Familienrecht<br \/>\nWeiterer T\u00e4tigkeitsschwerpunkt Pferderecht<\/h3>\n<p>Sie suchen professionelle Unterst\u00fctzung und Beratung oder eine qualifizierte anwaltliche Vertretung anl\u00e4sslich einer Trennung, Ehescheidung als auch in anderen familienrechtlichen Angelegenheiten?<\/p>\n<p>F\u00fcr den Fall, dass Sie eine zeitnahe anwaltliche Vertretung ben\u00f6tigen oder sich einen umfassenden \u00dcberblick \u00fcber Ihre pers\u00f6nliche und wirtschaftliche Position anl\u00e4sslich Trennung und Ehescheidung verschaffen wollen, stehe ich Ihnen mit Kompetenz und Einf\u00fchlungsverm\u00f6gen zur Verf\u00fcgung.<\/p>\n<p>Umfassende individuelle Beratung und anwaltliche Vertretung in allen Bereichen des Ehe- und Familienrechts!<\/p>\n<p>Einen pers\u00f6nlichen Besprechungstermin vereinbaren Sie bitte w\u00e4hrend der \u00d6ffnungszeiten der Kanzlei.<\/p>\n<p>Montag und Mittwoch<br \/>\n08.30 \u2013 12.00 Uhr, 13.30 \u2013 18.00 Uhr <\/p>\n<p>Dienstag<br \/>\n08.30 \u2013 12.00 Uhr<\/p>\n<p>Donnerstag<br \/>\n08.30 \u2013 12.00 Uhr, 13.30 \u2013 16.00 Uhr <\/p>\n","protected":false},"excerpt":{"rendered":"<p>Rechtsanw\u00e4ltin &#8211; Fachanw\u00e4ltin f\u00fcr Familienrecht Weiterer T\u00e4tigkeitsschwerpunkt Pferderecht Sie suchen professionelle Unterst\u00fctzung und Beratung oder eine qualifizierte anwaltliche Vertretung anl\u00e4sslich einer Trennung, Ehescheidung als auch in anderen familienrechtlichen Angelegenheiten? F\u00fcr den Fall, dass Sie eine zeitnahe anwaltliche Vertretung ben\u00f6tigen oder sich einen umfassenden \u00dcberblick \u00fcber Ihre pers\u00f6nliche und wirtschaftliche Position anl\u00e4sslich Trennung und Ehescheidung verschaffen.<\/p>\n","protected":false},"author":1,"featured_media":0,"parent":0,"menu_order":0,"comment_status":"open","ping_status":"open","template":"","meta":[],"_links":{"self":[{"href":"https:\/\/www.ra-juliane-kessler.de\/index.php?rest_route=\/wp\/v2\/pages\/184"}],"collection":[{"href":"https:\/\/www.ra-juliane-kessler.de\/index.php?rest_route=\/wp\/v2\/pages"}],"about":[{"href":"https:\/\/www.ra-juliane-kessler.de\/index.php?rest_route=\/wp\/v2\/types\/page"}],"author":[{"embeddable":true,"href":"https:\/\/www.ra-juliane-kessler.de\/index.php?rest_route=\/wp\/v2\/users\/1"}],"replies":[{"embeddable":true,"href":"https:\/\/www.ra-juliane-kessler.de\/index.php?rest_route=%2Fwp%2Fv2%2Fcomments&post=184"}],"version-history":[{"count":17,"href":"https:\/\/www.ra-juliane-kessler.de\/index.php?rest_route=\/wp\/v2\/pages\/184\/revisions"}],"predecessor-version":[{"id":763,"href":"https:\/\/www.ra-juliane-kessler.de\/index.php?rest_route=\/wp\/v2\/pages\/184\/revisions\/763"}],"wp:attachment":[{"href":"https:\/\/www.ra-juliane-kessler.de\/index.php?rest_route=%2Fwp%2Fv2%2Fmedia&parent=184"}],"curies":[{"name":"wp","href":"https:\/\/api.w.org\/{rel}","templated":true}]}}