{"id":2,"date":"2015-02-23T08:26:22","date_gmt":"2015-02-23T08:26:22","guid":{"rendered":"http:\/\/ra-juliane-kessler.de\/?page_id=2"},"modified":"2018-06-25T17:08:08","modified_gmt":"2018-06-25T17:08:08","slug":"sample-page","status":"publish","type":"page","link":"https:\/\/www.ra-juliane-kessler.de\/?page_id=2","title":{"rendered":"Pferderecht"},"content":{"rendered":"<p>Als \u201esattelfeste\u201c Rechtsanw\u00e4ltin f\u00fcr Pferderecht und passionierte Reiterin ist mir nur allzu gut bekannt,<br \/>\ndass der Traum vom eigenen Pferd oft kurze Zeit, nachdem man stolzer Eigent\u00fcmer eines Pferdes ist, zum Albtraum werden kann.<\/p>\n<p>Dies kann unterschiedliche Gr\u00fcnde haben. Zum einen stellt man nach kurzer Zeit fest, dass Pferd und Reiter \u2013 anders als bei den<br \/>\nProberitten vor Kaufabschluss \u2013 nicht wirklich miteinander harmonieren und zueinander passen. Oft treten allerdings auch kurze<br \/>\nZeit nach \u00dcbergabe des Pferdes gesundheitliche M\u00e4ngel auf, die bei Kaufabschluss nicht erkennbar waren und die Nutzung des<br \/>\nPferdes f\u00fcr den gewollten Zweck einschr\u00e4nken oder sogar zur Untauglichkeit f\u00fchren.<br \/>\nDoch nicht jede Kaufreue berechtigt zur R\u00fcckgabe des Pferdes an den Verk\u00e4ufer.<\/p>\n<p>Im Rahmen der damit verbundenen rechtlichen Problematik und anderer rechtlicher Probleme \u201erund um das Pferd\u201c stehe ich Ihnen mit<br \/>\nprofessioneller Beratung und anwaltlicher Vertretung zur Verf\u00fcgung.<\/p>\n<p>Das hierf\u00fcr erforderliche Spezialwissen erlange ich unter anderem durch regelm\u00e4\u00dfige Teilnahme am \u201eDeutschen Pferderechtstag\u201c,<br \/>\nder von der Deutschen Anwaltsakademie veranstaltet wird.<\/p>\n","protected":false},"excerpt":{"rendered":"<p>Als \u201esattelfeste\u201c Rechtsanw\u00e4ltin f\u00fcr Pferderecht und passionierte Reiterin ist mir nur allzu gut bekannt, dass der Traum vom eigenen Pferd oft kurze Zeit, nachdem man stolzer Eigent\u00fcmer eines Pferdes ist, zum Albtraum werden kann. Dies kann unterschiedliche Gr\u00fcnde haben. Zum einen stellt man nach kurzer Zeit fest, dass Pferd und Reiter \u2013 anders als bei.<\/p>\n","protected":false},"author":1,"featured_media":0,"parent":0,"menu_order":0,"comment_status":"open","ping_status":"open","template":"","meta":[],"_links":{"self":[{"href":"https:\/\/www.ra-juliane-kessler.de\/index.php?rest_route=\/wp\/v2\/pages\/2"}],"collection":[{"href":"https:\/\/www.ra-juliane-kessler.de\/index.php?rest_route=\/wp\/v2\/pages"}],"about":[{"href":"https:\/\/www.ra-juliane-kessler.de\/index.php?rest_route=\/wp\/v2\/types\/page"}],"author":[{"embeddable":true,"href":"https:\/\/www.ra-juliane-kessler.de\/index.php?rest_route=\/wp\/v2\/users\/1"}],"replies":[{"embeddable":true,"href":"https:\/\/www.ra-juliane-kessler.de\/index.php?rest_route=%2Fwp%2Fv2%2Fcomments&post=2"}],"version-history":[{"count":8,"href":"https:\/\/www.ra-juliane-kessler.de\/index.php?rest_route=\/wp\/v2\/pages\/2\/revisions"}],"predecessor-version":[{"id":772,"href":"https:\/\/www.ra-juliane-kessler.de\/index.php?rest_route=\/wp\/v2\/pages\/2\/revisions\/772"}],"wp:attachment":[{"href":"https:\/\/www.ra-juliane-kessler.de\/index.php?rest_route=%2Fwp%2Fv2%2Fmedia&parent=2"}],"curies":[{"name":"wp","href":"https:\/\/api.w.org\/{rel}","templated":true}]}}